{"id":99,"date":"2020-11-04T17:56:17","date_gmt":"2020-11-04T15:56:17","guid":{"rendered":"http:\/\/www.knockout-group.fi\/?page_id=99"},"modified":"2022-08-04T23:25:56","modified_gmt":"2022-08-04T20:25:56","slug":"itsepuolustuskoulutukset","status":"publish","type":"page","link":"http:\/\/www.knockout-group.fi\/en\/itsepuolustuskoulutukset\/","title":{"rendered":"Self-Defense training"},"content":{"rendered":"<div data-elementor-type=\"wp-page\" data-elementor-id=\"99\" class=\"elementor elementor-99\" data-elementor-settings=\"[]\">\n\t\t\t\t\t\t<div class=\"elementor-inner\">\n\t\t\t\t\t\t\t<div class=\"elementor-section-wrap\">\n\t\t\t\t\t\t\t<section class=\"elementor-section elementor-top-section elementor-element elementor-element-2380a9a2 elementor-section-stretched elementor-section-boxed elementor-section-height-default elementor-section-height-default\" data-id=\"2380a9a2\" data-element_type=\"section\" data-settings=\"{&quot;background_background&quot;:&quot;gradient&quot;,&quot;stretch_section&quot;:&quot;section-stretched&quot;}\">\n\t\t\t\t\t\t\t<div class=\"elementor-background-overlay\"><\/div>\n\t\t\t\t\t\t\t<div class=\"elementor-container elementor-column-gap-default\">\n\t\t\t\t\t\t\t<div class=\"elementor-row\">\n\t\t\t\t\t<div class=\"elementor-column elementor-col-100 elementor-top-column elementor-element elementor-element-7633e57\" data-id=\"7633e57\" data-element_type=\"column\">\n\t\t\t<div class=\"elementor-column-wrap elementor-element-populated\">\n\t\t\t\t\t\t\t<div class=\"elementor-widget-wrap\">\n\t\t\t\t\t\t<section class=\"elementor-section elementor-inner-section elementor-element elementor-element-6e3bb620 elementor-section-boxed elementor-section-height-default elementor-section-height-default\" data-id=\"6e3bb620\" data-element_type=\"section\">\n\t\t\t\t\t\t<div class=\"elementor-container elementor-column-gap-default\">\n\t\t\t\t\t\t\t<div class=\"elementor-row\">\n\t\t\t\t\t<div class=\"elementor-column elementor-col-50 elementor-inner-column elementor-element elementor-element-3ff379bf\" data-id=\"3ff379bf\" data-element_type=\"column\">\n\t\t\t<div class=\"elementor-column-wrap elementor-element-populated\">\n\t\t\t\t\t\t\t<div class=\"elementor-widget-wrap\">\n\t\t\t\t\t\t<div class=\"elementor-element elementor-element-3c9fa83b elementor-widget elementor-widget-heading\" data-id=\"3c9fa83b\" data-element_type=\"widget\" data-widget_type=\"heading.default\">\n\t\t\t\t<div class=\"elementor-widget-container\">\n\t\t\t<h3 class=\"elementor-heading-title elementor-size-default\">SELF-DEFENSE COURSE<\/h3>\t\t<\/div>\n\t\t\t\t<\/div>\n\t\t\t\t<div class=\"elementor-element elementor-element-7c4a9b2 elementor-widget elementor-widget-text-editor\" data-id=\"7c4a9b2\" data-element_type=\"widget\" data-widget_type=\"text-editor.default\">\n\t\t\t\t<div class=\"elementor-widget-container\">\n\t\t\t\t\t<div class=\"elementor-text-editor elementor-clearfix\"><p>(ONLINE TRAINING OR TRAINING EVENT)<\/p><\/div>\n\t\t\t\t<\/div>\n\t\t\t\t<\/div>\n\t\t\t\t<div class=\"elementor-element elementor-element-3d0a9f98 elementor-widget elementor-widget-text-editor\" data-id=\"3d0a9f98\" data-element_type=\"widget\" data-widget_type=\"text-editor.default\">\n\t\t\t\t<div class=\"elementor-widget-container\">\n\t\t\t\t\t<div class=\"elementor-text-editor elementor-clearfix\"><p>Each self-defense course includes ten techniques. The techniques are easy and suitable for different situations.<\/p><p>-LEARN TO DEFEND-<\/p><p><b>The webinar of your choice<\/b>\u00a0includes video + support material<br \/><b>The seminar of your choice<\/b>\u00a0<\/p><p>A link to the video comes with the training material<\/p><\/div>\n\t\t\t\t<\/div>\n\t\t\t\t<\/div>\n\t\t\t\t<div class=\"elementor-element elementor-element-11eeda0 elementor-widget elementor-widget-text-editor\" data-id=\"11eeda0\" data-element_type=\"widget\" data-widget_type=\"text-editor.default\">\n\t\t\t\t<div class=\"elementor-widget-container\">\n\t\t\t\t\t<div class=\"elementor-text-editor elementor-clearfix\"><p><span style=\"font-weight: bold; color: #000000; font-family: ABeeZee, sans-serif;\">Webinars 1-3 49,00\u20ac\/each<\/span><\/p><\/div>\n\t\t\t\t<\/div>\n\t\t\t\t<\/div>\n\t\t\t\t<div class=\"elementor-element elementor-element-4e191631 elementor-mobile-align-justify elementor-widget elementor-widget-button\" data-id=\"4e191631\" data-element_type=\"widget\" data-widget_type=\"button.default\">\n\t\t\t\t<div class=\"elementor-widget-container\">\n\t\t\t\t\t<div class=\"elementor-button-wrapper\">\n\t\t\t<a href=\"https:\/\/holvi.com\/shop\/KnockOut-Group\/section\/training-in-english\/security-training\/self-defense-courses\/\" target=\"_blank\" class=\"elementor-button-link elementor-button elementor-size-xs elementor-animation-grow\" role=\"button\">\n\t\t\t\t\t\t<span class=\"elementor-button-content-wrapper\">\n\t\t\t\t\t\t<span class=\"elementor-button-text\">CHOOSE THE THREE DIFFERENT WEBINARS YOU WOULD LIKE HERE<\/span>\n\t\t<\/span>\n\t\t\t\t\t<\/a>\n\t\t<\/div>\n\t\t\t\t<\/div>\n\t\t\t\t<\/div>\n\t\t\t\t<div class=\"elementor-element elementor-element-311a5c1 elementor-widget elementor-widget-text-editor\" data-id=\"311a5c1\" data-element_type=\"widget\" data-widget_type=\"text-editor.default\">\n\t\t\t\t<div class=\"elementor-widget-container\">\n\t\t\t\t\t<div class=\"elementor-text-editor elementor-clearfix\"><p><span style=\"font-weight: bold; color: #000000; font-family: ABeeZee, sans-serif;\">One day seminars 1-3  65.00 \u20ac\/pcs (Coming soon)<\/span><\/p><\/div>\n\t\t\t\t<\/div>\n\t\t\t\t<\/div>\n\t\t\t\t<div class=\"elementor-element elementor-element-260f55f elementor-mobile-align-justify elementor-widget elementor-widget-button\" data-id=\"260f55f\" data-element_type=\"widget\" data-widget_type=\"button.default\">\n\t\t\t\t<div class=\"elementor-widget-container\">\n\t\t\t\t\t<div class=\"elementor-button-wrapper\">\n\t\t\t<a href=\"http:\/\/www.knockout-group.fi\/en\/seminaari\/\" target=\"_blank\" class=\"elementor-button-link elementor-button elementor-size-xs elementor-animation-grow\" role=\"button\">\n\t\t\t\t\t\t<span class=\"elementor-button-content-wrapper\">\n\t\t\t\t\t\t<span class=\"elementor-button-text\">Coming soon<\/span>\n\t\t<\/span>\n\t\t\t\t\t<\/a>\n\t\t<\/div>\n\t\t\t\t<\/div>\n\t\t\t\t<\/div>\n\t\t\t\t<div class=\"elementor-element elementor-element-9cbeef3 elementor-widget-divider--view-line elementor-widget elementor-widget-divider\" data-id=\"9cbeef3\" data-element_type=\"widget\" data-widget_type=\"divider.default\">\n\t\t\t\t<div class=\"elementor-widget-container\">\n\t\t\t\t\t<div class=\"elementor-divider\">\n\t\t\t<span class=\"elementor-divider-separator\">\n\t\t\t\t\t\t<\/span>\n\t\t<\/div>\n\t\t\t\t<\/div>\n\t\t\t\t<\/div>\n\t\t\t\t\t\t<\/div>\n\t\t\t\t\t<\/div>\n\t\t<\/div>\n\t\t\t\t<div class=\"elementor-column elementor-col-50 elementor-inner-column elementor-element elementor-element-28d289f8\" data-id=\"28d289f8\" data-element_type=\"column\">\n\t\t\t<div class=\"elementor-column-wrap elementor-element-populated\">\n\t\t\t\t\t\t\t<div class=\"elementor-widget-wrap\">\n\t\t\t\t\t\t<div class=\"elementor-element elementor-element-c83422a elementor-widget elementor-widget-heading\" data-id=\"c83422a\" data-element_type=\"widget\" data-widget_type=\"heading.default\">\n\t\t\t\t<div class=\"elementor-widget-container\">\n\t\t\t<h3 class=\"elementor-heading-title elementor-size-default\">CONDITION BOXING INSTRUCTOR COURSE<\/h3>\t\t<\/div>\n\t\t\t\t<\/div>\n\t\t\t\t<div class=\"elementor-element elementor-element-45b49c0 elementor-widget elementor-widget-text-editor\" data-id=\"45b49c0\" data-element_type=\"widget\" data-widget_type=\"text-editor.default\">\n\t\t\t\t<div class=\"elementor-widget-container\">\n\t\t\t\t\t<div class=\"elementor-text-editor elementor-clearfix\"><p>(ONLINE TRAINING OR TRAINING EVENT)<\/p><\/div>\n\t\t\t\t<\/div>\n\t\t\t\t<\/div>\n\t\t\t\t<div class=\"elementor-element elementor-element-31efc8ec elementor-widget elementor-widget-text-editor\" data-id=\"31efc8ec\" data-element_type=\"widget\" data-widget_type=\"text-editor.default\">\n\t\t\t\t<div class=\"elementor-widget-container\">\n\t\t\t\t\t<div class=\"elementor-text-editor elementor-clearfix\"><p>Basics of a condition boxing instructor training you will be prepared to lead condition boxing practices. You will get training tips for teaching, different teaching methods, how practices are planned, and much more.<\/p>\n<p>Condition boxing burns fat and develops your endurance and muscle fitness. The condition boxing instructor course practices boxing movements and techniques without matching and contacts. You will also learn the pedagogy <br>of SHOW-ADVICE-PRACTICE prime steps.<\/p>\n<p><span style=\"font-weight: 700;\"><\/span>&nbsp;includes videos + support materials<br><span style=\"font-weight: 700;\"><\/span>&nbsp;<br><\/p><p>A link to the video comes with the training material<br><\/p><\/div>\n\t\t\t\t<\/div>\n\t\t\t\t<\/div>\n\t\t\t\t<div class=\"elementor-element elementor-element-9d8672a elementor-widget elementor-widget-text-editor\" data-id=\"9d8672a\" data-element_type=\"widget\" data-widget_type=\"text-editor.default\">\n\t\t\t\t<div class=\"elementor-widget-container\">\n\t\t\t\t\t<div class=\"elementor-text-editor elementor-clearfix\"><p><span style=\"font-weight: bold; color: #000000; font-family: ABeeZee, sans-serif;\">Webinar 99,00\u20ac<\/span><\/p><\/div>\n\t\t\t\t<\/div>\n\t\t\t\t<\/div>\n\t\t\t\t<div class=\"elementor-element elementor-element-d246595 elementor-mobile-align-justify elementor-widget elementor-widget-button\" data-id=\"d246595\" data-element_type=\"widget\" data-widget_type=\"button.default\">\n\t\t\t\t<div class=\"elementor-widget-container\">\n\t\t\t\t\t<div class=\"elementor-button-wrapper\">\n\t\t\t<a href=\"https:\/\/holvi.com\/shop\/KnockOut-Group\/product\/6c4cebc3e648a963ecee8337aedc5a13\/\" target=\"_blank\" class=\"elementor-button-link elementor-button elementor-size-xs elementor-animation-grow\" role=\"button\">\n\t\t\t\t\t\t<span class=\"elementor-button-content-wrapper\">\n\t\t\t\t\t\t<span class=\"elementor-button-text\">BUY IT HERE!<\/span>\n\t\t<\/span>\n\t\t\t\t\t<\/a>\n\t\t<\/div>\n\t\t\t\t<\/div>\n\t\t\t\t<\/div>\n\t\t\t\t<div class=\"elementor-element elementor-element-3ce3bd0 elementor-widget elementor-widget-text-editor\" data-id=\"3ce3bd0\" data-element_type=\"widget\" data-widget_type=\"text-editor.default\">\n\t\t\t\t<div class=\"elementor-widget-container\">\n\t\t\t\t\t<div class=\"elementor-text-editor elementor-clearfix\"><p><span style=\"color: #000000; font-family: ABeeZee, sans-serif; font-weight: bold; background-color: transparent;\">One day s<\/span><span style=\"font-weight: bold; color: #000000; font-family: ABeeZee, sans-serif;\">eminar 120,00\u20ac\u00a0<\/span><span style=\"color: #000000; font-family: ABeeZee, sans-serif; font-weight: bold; background-color: transparent;\"><\/span><\/p><\/div>\n\t\t\t\t<\/div>\n\t\t\t\t<\/div>\n\t\t\t\t<div class=\"elementor-element elementor-element-5298bcd elementor-mobile-align-justify elementor-widget elementor-widget-button\" data-id=\"5298bcd\" data-element_type=\"widget\" data-widget_type=\"button.default\">\n\t\t\t\t<div class=\"elementor-widget-container\">\n\t\t\t\t\t<div class=\"elementor-button-wrapper\">\n\t\t\t<a href=\"http:\/\/www.knockout-group.fi\/en\/seminaari\/\" target=\"_blank\" class=\"elementor-button-link elementor-button elementor-size-xs elementor-animation-grow\" role=\"button\">\n\t\t\t\t\t\t<span class=\"elementor-button-content-wrapper\">\n\t\t\t\t\t\t<span class=\"elementor-button-text\">BUY IT HERE!<\/span>\n\t\t<\/span>\n\t\t\t\t\t<\/a>\n\t\t<\/div>\n\t\t\t\t<\/div>\n\t\t\t\t<\/div>\n\t\t\t\t<div class=\"elementor-element elementor-element-1a0b42a elementor-widget-divider--view-line elementor-widget elementor-widget-divider\" data-id=\"1a0b42a\" data-element_type=\"widget\" data-widget_type=\"divider.default\">\n\t\t\t\t<div class=\"elementor-widget-container\">\n\t\t\t\t\t<div class=\"elementor-divider\">\n\t\t\t<span class=\"elementor-divider-separator\">\n\t\t\t\t\t\t<\/span>\n\t\t<\/div>\n\t\t\t\t<\/div>\n\t\t\t\t<\/div>\n\t\t\t\t\t\t<\/div>\n\t\t\t\t\t<\/div>\n\t\t<\/div>\n\t\t\t\t\t\t\t\t<\/div>\n\t\t\t\t\t<\/div>\n\t\t<\/section>\n\t\t\t\t<section class=\"elementor-section elementor-inner-section elementor-element elementor-element-37f1c7a elementor-section-boxed elementor-section-height-default elementor-section-height-default\" data-id=\"37f1c7a\" data-element_type=\"section\">\n\t\t\t\t\t\t<div class=\"elementor-container elementor-column-gap-default\">\n\t\t\t\t\t\t\t<div class=\"elementor-row\">\n\t\t\t\t\t<div class=\"elementor-column elementor-col-100 elementor-inner-column elementor-element elementor-element-74cfde2\" data-id=\"74cfde2\" data-element_type=\"column\">\n\t\t\t<div class=\"elementor-column-wrap elementor-element-populated\">\n\t\t\t\t\t\t\t<div class=\"elementor-widget-wrap\">\n\t\t\t\t\t\t<div class=\"elementor-element elementor-element-7bafdc7 elementor-widget elementor-widget-heading\" data-id=\"7bafdc7\" data-element_type=\"widget\" data-widget_type=\"heading.default\">\n\t\t\t\t<div class=\"elementor-widget-container\">\n\t\t\t<h3 class=\"elementor-heading-title elementor-size-default\">HYOL - IRONSHIRT BREATHING EXERCISE<\/h3>\t\t<\/div>\n\t\t\t\t<\/div>\n\t\t\t\t<div class=\"elementor-element elementor-element-c13f2b9 elementor-widget elementor-widget-text-editor\" data-id=\"c13f2b9\" data-element_type=\"widget\" data-widget_type=\"text-editor.default\">\n\t\t\t\t<div class=\"elementor-widget-container\">\n\t\t\t\t\t<div class=\"elementor-text-editor elementor-clearfix\"><p>(ONLINE TRAINING)<\/p><\/div>\n\t\t\t\t<\/div>\n\t\t\t\t<\/div>\n\t\t\t\t<div class=\"elementor-element elementor-element-f755609 elementor-widget elementor-widget-text-editor\" data-id=\"f755609\" data-element_type=\"widget\" data-widget_type=\"text-editor.default\">\n\t\t\t\t<div class=\"elementor-widget-container\">\n\t\t\t\t\t<div class=\"elementor-text-editor elementor-clearfix\"><p><span style=\"font-size: 1em; font-weight: var( --e-global-typography-text-font-weight ); background-color: transparent;\">This breathing exercise strengthens your body to take strikes and hits easily.<br><\/span><span style=\"font-size: 1em; font-weight: var( --e-global-typography-text-font-weight ); background-color: transparent;\">After doing the exercise for 6 months, you have an \u201ciron shirt undershirt\u201d ready<br><\/span><span style=\"font-size: 1em; font-weight: var( --e-global-typography-text-font-weight ); background-color: transparent;\">After doing the exercise for 12 months, you have an \u201ciron shirt overcoat\u201d ready<br><\/span><span style=\"font-size: 1em; font-weight: var( --e-global-typography-text-font-weight ); background-color: transparent;\">After doing the exercise for 18 months, you have an \u201ciron shirt\u201d ready<\/span><\/p>\n<p><span style=\"font-weight: bold;\"><\/span>&nbsp;includes video + support material<\/p>\n<p>A link to the video comes with the training material<\/p><\/div>\n\t\t\t\t<\/div>\n\t\t\t\t<\/div>\n\t\t\t\t<div class=\"elementor-element elementor-element-f1bd5b8 elementor-widget elementor-widget-text-editor\" data-id=\"f1bd5b8\" data-element_type=\"widget\" data-widget_type=\"text-editor.default\">\n\t\t\t\t<div class=\"elementor-widget-container\">\n\t\t\t\t\t<div class=\"elementor-text-editor elementor-clearfix\"><p><span style=\"font-weight: bold; color: #000000; font-family: ABeeZee, sans-serif;\">Webinaari 14,90 \u20ac<\/span><\/p><\/div>\n\t\t\t\t<\/div>\n\t\t\t\t<\/div>\n\t\t\t\t<div class=\"elementor-element elementor-element-ddd3c5b elementor-mobile-align-justify elementor-widget elementor-widget-button\" data-id=\"ddd3c5b\" data-element_type=\"widget\" data-widget_type=\"button.default\">\n\t\t\t\t<div class=\"elementor-widget-container\">\n\t\t\t\t\t<div class=\"elementor-button-wrapper\">\n\t\t\t<a href=\"https:\/\/holvi.com\/shop\/KnockOut-Group\/product\/cfef658761fbbf81d2ab67ce15c01953\/\" target=\"_blank\" class=\"elementor-button-link elementor-button elementor-size-xs elementor-animation-grow\" role=\"button\">\n\t\t\t\t\t\t<span class=\"elementor-button-content-wrapper\">\n\t\t\t\t\t\t<span class=\"elementor-button-text\">BUY IT HERE!<\/span>\n\t\t<\/span>\n\t\t\t\t\t<\/a>\n\t\t<\/div>\n\t\t\t\t<\/div>\n\t\t\t\t<\/div>\n\t\t\t\t<div class=\"elementor-element elementor-element-e305a33 elementor-widget-divider--view-line elementor-widget elementor-widget-divider\" data-id=\"e305a33\" data-element_type=\"widget\" data-widget_type=\"divider.default\">\n\t\t\t\t<div class=\"elementor-widget-container\">\n\t\t\t\t\t<div class=\"elementor-divider\">\n\t\t\t<span class=\"elementor-divider-separator\">\n\t\t\t\t\t\t<\/span>\n\t\t<\/div>\n\t\t\t\t<\/div>\n\t\t\t\t<\/div>\n\t\t\t\t<div class=\"elementor-element elementor-element-cbd7386 elementor-widget elementor-widget-text-editor\" data-id=\"cbd7386\" data-element_type=\"widget\" data-widget_type=\"text-editor.default\">\n\t\t\t\t<div class=\"elementor-widget-container\">\n\t\t\t\t\t<div class=\"elementor-text-editor elementor-clearfix\"><p><span style=\"font-family: var( --e-global-typography-text-font-family ), Sans-serif; font-weight: var( --e-global-typography-text-font-weight ); background-color: transparent;\">Note! Some trainings contain similar materials that are also found in our other trainings.<br><\/span><span style=\"font-family: var( --e-global-typography-text-font-family ), Sans-serif; font-weight: var( --e-global-typography-text-font-weight ); background-color: transparent;\">Note! Videos on the English side of our online store is Finnish but subtitled in English.<\/span><\/p><\/div>\n\t\t\t\t<\/div>\n\t\t\t\t<\/div>\n\t\t\t\t\t\t<\/div>\n\t\t\t\t\t<\/div>\n\t\t<\/div>\n\t\t\t\t\t\t\t\t<\/div>\n\t\t\t\t\t<\/div>\n\t\t<\/section>\n\t\t\t\t<section class=\"elementor-section elementor-inner-section elementor-element elementor-element-24a345f4 elementor-section-boxed elementor-section-height-default elementor-section-height-default\" data-id=\"24a345f4\" data-element_type=\"section\">\n\t\t\t\t\t\t<div class=\"elementor-container elementor-column-gap-default\">\n\t\t\t\t\t\t\t<div class=\"elementor-row\">\n\t\t\t\t\t<div class=\"elementor-column elementor-col-100 elementor-inner-column elementor-element elementor-element-5e2b56ee\" data-id=\"5e2b56ee\" data-element_type=\"column\">\n\t\t\t<div class=\"elementor-column-wrap elementor-element-populated\">\n\t\t\t\t\t\t\t<div class=\"elementor-widget-wrap\">\n\t\t\t\t\t\t<div class=\"elementor-element elementor-element-4c6f094f elementor-widget elementor-widget-heading\" data-id=\"4c6f094f\" data-element_type=\"widget\" data-widget_type=\"heading.default\">\n\t\t\t\t<div class=\"elementor-widget-container\">\n\t\t\t<h3 class=\"elementor-heading-title elementor-size-default\">NERVE POINTS IN SELF-DEFENSE\n<\/h3>\t\t<\/div>\n\t\t\t\t<\/div>\n\t\t\t\t<div class=\"elementor-element elementor-element-4f8e609 elementor-widget elementor-widget-text-editor\" data-id=\"4f8e609\" data-element_type=\"widget\" data-widget_type=\"text-editor.default\">\n\t\t\t\t<div class=\"elementor-widget-container\">\n\t\t\t\t\t<div class=\"elementor-text-editor elementor-clearfix\"><p>(ONLINE TRAINING OR TRAINING EVENT)<\/p><\/div>\n\t\t\t\t<\/div>\n\t\t\t\t<\/div>\n\t\t\t\t<div class=\"elementor-element elementor-element-1d34d7fc elementor-widget elementor-widget-text-editor\" data-id=\"1d34d7fc\" data-element_type=\"widget\" data-widget_type=\"text-editor.default\">\n\t\t\t\t<div class=\"elementor-widget-container\">\n\t\t\t\t\t<div class=\"elementor-text-editor elementor-clearfix\"><p>(This training does not come in English)<\/p><p><\/p><p><span style=\"font-weight: bold;\"><\/span>\u00a0<br \/><span style=\"font-weight: bold;\"><\/span>\u00a0<br \/><\/p><p><\/p><p>\u00a0<\/p><\/div>\n\t\t\t\t<\/div>\n\t\t\t\t<\/div>\n\t\t\t\t<div class=\"elementor-element elementor-element-d46dc0d elementor-widget elementor-widget-text-editor\" data-id=\"d46dc0d\" data-element_type=\"widget\" data-widget_type=\"text-editor.default\">\n\t\t\t\t<div class=\"elementor-widget-container\">\n\t\t\t\t\t<div class=\"elementor-text-editor elementor-clearfix\"><p><span style=\"font-weight: bold; color: #000000; font-family: ABeeZee, sans-serif;\"><\/span><\/p><\/div>\n\t\t\t\t<\/div>\n\t\t\t\t<\/div>\n\t\t\t\t<div class=\"elementor-element elementor-element-522818f9 elementor-mobile-align-justify elementor-widget elementor-widget-button\" data-id=\"522818f9\" data-element_type=\"widget\" data-widget_type=\"button.default\">\n\t\t\t\t<div class=\"elementor-widget-container\">\n\t\t\t\t\t<div class=\"elementor-button-wrapper\">\n\t\t\t<a href=\"https:\/\/holvi.com\/shop\/KnockOut-Group\/\" target=\"_blank\" class=\"elementor-button-link elementor-button elementor-size-xs elementor-animation-grow\" role=\"button\">\n\t\t\t\t\t\t<span class=\"elementor-button-content-wrapper\">\n\t\t\t\t\t\t<span class=\"elementor-button-text\">Unfortunately this does not come in English.<\/span>\n\t\t<\/span>\n\t\t\t\t\t<\/a>\n\t\t<\/div>\n\t\t\t\t<\/div>\n\t\t\t\t<\/div>\n\t\t\t\t<div class=\"elementor-element elementor-element-d0870e7 elementor-widget elementor-widget-text-editor\" data-id=\"d0870e7\" data-element_type=\"widget\" data-widget_type=\"text-editor.default\">\n\t\t\t\t<div class=\"elementor-widget-container\">\n\t\t\t\t\t<div class=\"elementor-text-editor elementor-clearfix\"><p><span style=\"font-weight: bold; color: #000000; font-family: ABeeZee, sans-serif;\">\u00a0<\/span><span style=\"color: #000000; font-family: ABeeZee, sans-serif; font-weight: bold; background-color: transparent;\"><\/span><\/p><\/div>\n\t\t\t\t<\/div>\n\t\t\t\t<\/div>\n\t\t\t\t<div class=\"elementor-element elementor-element-6f8e1e4 elementor-mobile-align-justify elementor-widget elementor-widget-button\" data-id=\"6f8e1e4\" data-element_type=\"widget\" data-widget_type=\"button.default\">\n\t\t\t\t<div class=\"elementor-widget-container\">\n\t\t\t\t\t<div class=\"elementor-button-wrapper\">\n\t\t\t<a href=\"http:\/\/www.knockout-group.fi\/en\/seminaari\/\" target=\"_blank\" class=\"elementor-button-link elementor-button elementor-size-xs elementor-animation-grow\" role=\"button\">\n\t\t\t\t\t\t<span class=\"elementor-button-content-wrapper\">\n\t\t\t\t\t\t<span class=\"elementor-button-text\">Unfortunately this does not come in English.<\/span>\n\t\t<\/span>\n\t\t\t\t\t<\/a>\n\t\t<\/div>\n\t\t\t\t<\/div>\n\t\t\t\t<\/div>\n\t\t\t\t<div class=\"elementor-element elementor-element-10e03f2 elementor-widget-divider--view-line elementor-widget elementor-widget-divider\" data-id=\"10e03f2\" data-element_type=\"widget\" data-widget_type=\"divider.default\">\n\t\t\t\t<div class=\"elementor-widget-container\">\n\t\t\t\t\t<div class=\"elementor-divider\">\n\t\t\t<span class=\"elementor-divider-separator\">\n\t\t\t\t\t\t<\/span>\n\t\t<\/div>\n\t\t\t\t<\/div>\n\t\t\t\t<\/div>\n\t\t\t\t\t\t<\/div>\n\t\t\t\t\t<\/div>\n\t\t<\/div>\n\t\t\t\t\t\t\t\t<\/div>\n\t\t\t\t\t<\/div>\n\t\t<\/section>\n\t\t\t\t<div class=\"elementor-element elementor-element-5ec475d elementor-mobile-align-justify elementor-align-center elementor-widget elementor-widget-button\" data-id=\"5ec475d\" data-element_type=\"widget\" data-widget_type=\"button.default\">\n\t\t\t\t<div class=\"elementor-widget-container\">\n\t\t\t\t\t<div class=\"elementor-button-wrapper\">\n\t\t\t<a href=\"https:\/\/holvi.com\/shop\/KnockOut-Group\/\" target=\"_blank\" class=\"elementor-button-link elementor-button elementor-size-xs elementor-animation-grow\" role=\"button\">\n\t\t\t\t\t\t<span class=\"elementor-button-content-wrapper\">\n\t\t\t\t\t\t<span class=\"elementor-button-text\">Shop<\/span>\n\t\t<\/span>\n\t\t\t\t\t<\/a>\n\t\t<\/div>\n\t\t\t\t<\/div>\n\t\t\t\t<\/div>\n\t\t\t\t<div class=\"elementor-element elementor-element-c4ee053 elementor-widget elementor-widget-text-editor\" data-id=\"c4ee053\" data-element_type=\"widget\" data-widget_type=\"text-editor.default\">\n\t\t\t\t<div class=\"elementor-widget-container\">\n\t\t\t\t\t<div class=\"elementor-text-editor elementor-clearfix\"><p>Here you will find training of well-being<\/p><\/div>\n\t\t\t\t<\/div>\n\t\t\t\t<\/div>\n\t\t\t\t<div class=\"elementor-element elementor-element-38b5e1d elementor-mobile-align-justify elementor-align-center elementor-widget elementor-widget-button\" data-id=\"38b5e1d\" data-element_type=\"widget\" data-widget_type=\"button.default\">\n\t\t\t\t<div class=\"elementor-widget-container\">\n\t\t\t\t\t<div class=\"elementor-button-wrapper\">\n\t\t\t<a href=\"http:\/\/www.akupainallus.fi\/?page_id=272&amp;lang=en\" target=\"_blank\" class=\"elementor-button-link elementor-button elementor-size-xs elementor-animation-grow\" role=\"button\">\n\t\t\t\t\t\t<span class=\"elementor-button-content-wrapper\">\n\t\t\t\t\t\t<span class=\"elementor-button-text\">ACUPRESSURE TRAINING<\/span>\n\t\t<\/span>\n\t\t\t\t\t<\/a>\n\t\t<\/div>\n\t\t\t\t<\/div>\n\t\t\t\t<\/div>\n\t\t\t\t\t\t<\/div>\n\t\t\t\t\t<\/div>\n\t\t<\/div>\n\t\t\t\t\t\t\t\t<\/div>\n\t\t\t\t\t<\/div>\n\t\t<\/section>\n\t\t\t\t\t\t<\/div>\n\t\t\t\t\t\t<\/div>\n\t\t\t\t\t<\/div>","protected":false},"excerpt":{"rendered":"<p>ITSEPUOLUSTUSKURSSI (VERKKOKOULUTUS TAI KOULUTUSTAPAHTUMA) Jokainen itsepuolustuskurssi sis\u00e4lt\u00e4\u00e4 kymmenen tekniikkaa. Tekniikat ovat helppoja ja sopivat eri tilanteisiin. -OPI PUOLUSTAUTUMAAN- Valitsemasi webinaari\u00a0sis\u00e4lt\u00e4\u00e4 videon + tukimateriaalinValitsemasi seminaari\u00a0sis\u00e4lt\u00e4\u00e4 koulutustapahtuman + tukimateriaalin Linkki videoon tulee &hellip; <\/p>","protected":false},"author":1,"featured_media":49,"parent":0,"menu_order":0,"comment_status":"closed","ping_status":"closed","template":"elementor_header_footer","meta":{"_monsterinsights_skip_tracking":false,"_monsterinsights_sitenote_active":false,"_monsterinsights_sitenote_note":"","_monsterinsights_sitenote_category":0},"_links":{"self":[{"href":"http:\/\/www.knockout-group.fi\/en\/wp-json\/wp\/v2\/pages\/99"}],"collection":[{"href":"http:\/\/www.knockout-group.fi\/en\/wp-json\/wp\/v2\/pages"}],"about":[{"href":"http:\/\/www.knockout-group.fi\/en\/wp-json\/wp\/v2\/types\/page"}],"author":[{"embeddable":true,"href":"http:\/\/www.knockout-group.fi\/en\/wp-json\/wp\/v2\/users\/1"}],"replies":[{"embeddable":true,"href":"http:\/\/www.knockout-group.fi\/en\/wp-json\/wp\/v2\/comments?post=99"}],"version-history":[{"count":363,"href":"http:\/\/www.knockout-group.fi\/en\/wp-json\/wp\/v2\/pages\/99\/revisions"}],"predecessor-version":[{"id":1094,"href":"http:\/\/www.knockout-group.fi\/en\/wp-json\/wp\/v2\/pages\/99\/revisions\/1094"}],"wp:featuredmedia":[{"embeddable":true,"href":"http:\/\/www.knockout-group.fi\/en\/wp-json\/wp\/v2\/media\/49"}],"wp:attachment":[{"href":"http:\/\/www.knockout-group.fi\/en\/wp-json\/wp\/v2\/media?parent=99"}],"curies":[{"name":"wp","href":"https:\/\/api.w.org\/{rel}","templated":true}]}}