{"id":3,"date":"2020-02-22T15:54:53","date_gmt":"2020-02-22T13:54:53","guid":{"rendered":"http:\/\/www.testiwebhotelli.fi\/?page_id=3"},"modified":"2021-02-25T19:36:39","modified_gmt":"2021-02-25T17:36:39","slug":"tietosuojaseloste","status":"publish","type":"page","link":"http:\/\/www.knockout-group.fi\/en\/tietosuojaseloste\/","title":{"rendered":"Privacy statement"},"content":{"rendered":"<h2>Keit\u00e4 olemme<\/h2>\n\n\n\n<p>Hei! Meilt\u00e4 l\u00f6yd\u00e4t hyvinvointiin ja itsepuolustukseen liittyvi\u00e4 koulutuksia. Akupainallus ja meridiaani terapiahoitajan perusteet, akupainaluksen Itsehoitokurssit, itsepuolustuskurssit ja paljon muita upeita kursseja\/koulutuksia.<\/p>\n\n\n\n<p><\/p>\n\n\n\n<h2>Huomioitavaa seminaareista<\/h2>\n\n\n\n<p>Seminaareja l\u00f6ytyy joistakin koulutuksista <a rel=\"noreferrer noopener\" href=\"http:\/\/www.knockout-group.fi\/en\/turvallisuuskoulutukset\/\" data-type=\"URL\" data-id=\"http:\/\/www.knockout-group.fi\/turvallisuuskoulutukset\/\" target=\"_blank\">koulutussivuilta<\/a> ja kun klikkaa linkki\u00e4 &#8221;ilmoittaudu mukaan&#8221;, niin t\u00e4m\u00e4 linkki vie pelk\u00e4st\u00e4\u00e4n mainokseen, ei <a rel=\"noreferrer noopener\" href=\"https:\/\/holvi.com\/shop\/KnockOut-Group\/\" data-type=\"URL\" data-id=\"https:\/\/holvi.com\/shop\/KnockOut-Group\/\" target=\"_blank\">verkkokauppaan<\/a>. Koulutustapahtumia eli seminaareja ei siis osteta verkkokaupasta (n\u00e4it\u00e4 ei my\u00f6sk\u00e4\u00e4n myyd\u00e4 verkkokaupassa) vaan ne maksetaan seminaarissa paikan p\u00e4\u00e4ll\u00e4 joko k\u00e4teisell\u00e4 tai maksup\u00e4\u00e4tteeseen pankkikortilla. Seminaareja j\u00e4rjestet\u00e4\u00e4n ajoittain. Seminaarin voit maksaa my\u00f6s etuk\u00e4teen pankkitilille FI16 7997 7994 8062 92. Kun teet maksun suoraan pankkitilille, laitathan tilisiirtoon viestiksi etu- ja sukunimesi.<\/p>\n\n\n\n<p><\/p>\n\n\n\n<h3>Yhteydenottolomakkeet<\/h3>\n\n\n\n<p>Voit ottaa meihin yhteytt\u00e4 s\u00e4hk\u00f6postilla tai puhelimella. <\/p>\n\n\n\n<p>S\u00e4hk\u00f6posti: info@knockout-group.fi<\/p>\n\n\n\n<p>Puhelin: +358 40 169 7766<\/p>\n\n\n\n<p><\/p>\n\n\n\n<h2>Lis\u00e4tiedot<\/h2>\n\n\n\n<p>Lis\u00e4tietoa koulutuksistamme:<\/p>\n\n\n\n<p><a href=\"http:\/\/www.knockout-group.fi\/en\/itsepuolustuskoulutukset\/\" data-type=\"URL\" target=\"_blank\" rel=\"noreferrer noopener\">Self-Defense training<\/a><\/p>\n\n\n\n<p><a rel=\"noreferrer noopener\" href=\"http:\/\/www.akupainallus.fi\/?page_id=272&amp;lang=en\" data-type=\"URL\" data-id=\"http:\/\/www.akupainallus.fi\/?page_id=272\" target=\"_blank\">Akupressuuri ja Akupainallus koulutukset<\/a><\/p>\n\n\n\n<p><a href=\"https:\/\/holvi.com\/shop\/KnockOut-Group\/\" data-type=\"URL\" data-id=\"https:\/\/holvi.com\/shop\/KnockOut-Group\/\">Shop<\/a><\/p>","protected":false},"excerpt":{"rendered":"<p>Keit\u00e4 olemme Hei! Meilt\u00e4 l\u00f6yd\u00e4t hyvinvointiin ja itsepuolustukseen liittyvi\u00e4 koulutuksia. Akupainallus ja meridiaani terapiahoitajan perusteet, akupainaluksen Itsehoitokurssit, itsepuolustuskurssit ja paljon muita upeita kursseja\/koulutuksia. Huomioitavaa seminaareista Seminaareja l\u00f6ytyy joistakin koulutuksista koulutussivuilta &hellip; <\/p>","protected":false},"author":1,"featured_media":49,"parent":0,"menu_order":0,"comment_status":"closed","ping_status":"open","template":"","meta":{"_monsterinsights_skip_tracking":false,"_monsterinsights_sitenote_active":false,"_monsterinsights_sitenote_note":"","_monsterinsights_sitenote_category":0},"_links":{"self":[{"href":"http:\/\/www.knockout-group.fi\/en\/wp-json\/wp\/v2\/pages\/3"}],"collection":[{"href":"http:\/\/www.knockout-group.fi\/en\/wp-json\/wp\/v2\/pages"}],"about":[{"href":"http:\/\/www.knockout-group.fi\/en\/wp-json\/wp\/v2\/types\/page"}],"author":[{"embeddable":true,"href":"http:\/\/www.knockout-group.fi\/en\/wp-json\/wp\/v2\/users\/1"}],"replies":[{"embeddable":true,"href":"http:\/\/www.knockout-group.fi\/en\/wp-json\/wp\/v2\/comments?post=3"}],"version-history":[{"count":19,"href":"http:\/\/www.knockout-group.fi\/en\/wp-json\/wp\/v2\/pages\/3\/revisions"}],"predecessor-version":[{"id":968,"href":"http:\/\/www.knockout-group.fi\/en\/wp-json\/wp\/v2\/pages\/3\/revisions\/968"}],"wp:featuredmedia":[{"embeddable":true,"href":"http:\/\/www.knockout-group.fi\/en\/wp-json\/wp\/v2\/media\/49"}],"wp:attachment":[{"href":"http:\/\/www.knockout-group.fi\/en\/wp-json\/wp\/v2\/media?parent=3"}],"curies":[{"name":"wp","href":"https:\/\/api.w.org\/{rel}","templated":true}]}}